{"id":4,"date":"2024-06-02T18:50:27","date_gmt":"2024-06-02T18:50:27","guid":{"rendered":"https:\/\/lauriphoto.es\/?page_id=4"},"modified":"2025-04-22T17:44:28","modified_gmt":"2025-04-22T17:44:28","slug":"mesmerize","status":"publish","type":"page","link":"https:\/\/lauriphoto.es\/","title":{"rendered":"Front Page"},"content":{"rendered":"<div  data-label=\"Cta\" data-id=\"cta--1\" data-export-id=\"cta-blue-section\" data-category=\"cta\" class=\"cta-blue-section content-section content-section-spacing-medium bg-color1 white-text\" id=\"cta-1\"><div  class=\"gridContainer\"> <div  class=\"row middle-xs\"><div  class=\"col-sm-8 space-bottom-xs\" data-type=\"column\"> <h2  class=\"\">\u00a1Nuevas publicaciones en Instagram!<\/h2> <\/div> <div  class=\"col-sm-4 end-sm\" data-type=\"column\"> <a class=\"button color2\" href=\"https:\/\/www.instagram.com\/lauriphotomj\" target=\"_self\" data-cp-link=\"1\" rel=\"noopener\">Accede Ahora<\/a><\/div> <\/div><\/div> <\/div><div  data-label=\"Portfolio\" data-id=\"portfolio--1\" data-export-id=\"portfolio-4\" data-category=\"portfolio\" class=\"portfolio-4 content-section content-section-spacing-top\" id=\"portfolio-1\" style=\"background-color: rgb(245, 250, 253);\"><div  class=\"\"> <div  class=\"row text-center\"><div  class=\"section-title-col\" data-type=\"column\"> <h2  class=\"\">Portfolio<\/h2> <p  class=\"lead\">Un mundo paralelo d\u00f3nde poder imaginar a trav\u00e9s de la creatividad.<\/p><\/div> <\/div> <div  data-type=\"row\" class=\"row\" data-fixed=\"true\"> <div  class=\"col-xs-12 col-sm-3 no-gutter-col\"> <div  class=\"contentswap-effect\" data-hover-fx=\"portfolio-4\"> <div  class=\"initial-image\"> <img  decoding=\"async\" data-size=\"542x360\" src=\"https:\/\/lauriphoto.es\/wp-content\/uploads\/2024\/07\/cropped-MENU.jpg\"><\/div> <div  class=\"overlay bg-color1\"><\/div> <div  class=\"swap-inner col-xs-12\"> <div  class=\"row full-height-row middle-xs middle-sm\"> <div  class=\"col-xs-12 text-center content-holder\"> <a href=\"https:\/\/lauriphoto.es?page_id=127\" target=\"_self\" rel=\"noopener\"><i  class=\"fa icon portfolio-icon fa-search big\" aria-hidden=\"true\"><\/i><\/a><\/div> <\/div><\/div> <\/div><\/div> <div  class=\"col-xs-12 col-sm-3 no-gutter-col\"><div  class=\"contentswap-effect\" data-hover-fx=\"portfolio-4\"> <div  class=\"initial-image\"> <img  decoding=\"async\" data-size=\"542x360\" src=\"https:\/\/lauriphoto.es\/wp-content\/uploads\/2024\/07\/cropped-MENU-1.jpg\"><\/div> <div  class=\"overlay bg-color1\"><\/div> <div  class=\"swap-inner col-xs-12\"> <div  class=\"row full-height-row middle-xs middle-sm\"> <div  class=\"col-xs-12 text-center content-holder\"> <a href=\"https:\/\/lauriphoto.es?page_id=1542\" target=\"_self\" rel=\"noopener\"><i  class=\"fa icon portfolio-icon fa-search big\" aria-hidden=\"true\"><\/i><\/a><\/div> <\/div><\/div> <\/div><\/div> <div  class=\"col-xs-12 col-sm-3 no-gutter-col\"><div  class=\"contentswap-effect\" data-hover-fx=\"portfolio-4\"> <div  class=\"initial-image\"> <img  decoding=\"async\" data-size=\"542x360\" src=\"https:\/\/lauriphoto.es\/wp-content\/uploads\/2024\/07\/cropped-MENU-2.jpg\"><\/div> <div  class=\"overlay bg-color1\"><\/div> <div  class=\"swap-inner col-xs-12\"> <div  class=\"row full-height-row middle-xs middle-sm\"> <div  class=\"col-xs-12 text-center content-holder\"> <a href=\"https:\/\/lauriphoto.es?page_id=1276\" target=\"_self\" rel=\"noopener\"><i  class=\"fa icon portfolio-icon fa-search big\" aria-hidden=\"true\"><\/i><\/a><\/div> <\/div><\/div> <\/div><\/div> <div  class=\"col-xs-12 col-sm-3 no-gutter-col\"><div  class=\"contentswap-effect\" data-hover-fx=\"portfolio-4\"> <div  class=\"initial-image\"> <img  decoding=\"async\" data-size=\"542x360\" src=\"https:\/\/lauriphoto.es\/wp-content\/uploads\/2024\/07\/cropped-MENU-3.jpg\"><\/div> <div  class=\"overlay bg-color1\"><\/div> <div  class=\"swap-inner col-xs-12\"> <div  class=\"row full-height-row middle-xs middle-sm\"> <div  class=\"col-xs-12 text-center content-holder\"> <a href=\"https:\/\/lauriphoto.es?page_id=230\" target=\"_self\" rel=\"noopener\"><i  class=\"fa icon portfolio-icon fa-search big\" aria-hidden=\"true\"><\/i><\/a><\/div> <\/div><\/div> <\/div><\/div> <div  class=\"col-xs-12 col-sm-3 no-gutter-col\"><div  class=\"contentswap-effect\" data-hover-fx=\"portfolio-4\"> <div  class=\"initial-image\"> <img  decoding=\"async\" data-size=\"542x360\" src=\"https:\/\/lauriphoto.es\/wp-content\/uploads\/2024\/07\/cropped-MENU-4.jpg\"><\/div> <div  class=\"overlay bg-color1\"><\/div> <div  class=\"swap-inner col-xs-12\"> <div  class=\"row full-height-row middle-xs middle-sm\"> <div  class=\"col-xs-12 text-center content-holder\"> <a href=\"https:\/\/lauriphoto.es?page_id=1029\" target=\"_self\" rel=\"noopener\"><i  class=\"fa icon portfolio-icon fa-search big\" aria-hidden=\"true\"><\/i><\/a><\/div> <\/div><\/div> <\/div><\/div> <div  class=\"col-xs-12 col-sm-3 no-gutter-col\"><div  class=\"contentswap-effect\" data-hover-fx=\"portfolio-4\"> <div  class=\"initial-image\"> <img  decoding=\"async\" data-size=\"542x360\" src=\"https:\/\/lauriphoto.es\/wp-content\/uploads\/2024\/07\/cropped-MENU-5.jpg\"><\/div> <div  class=\"overlay bg-color1\"><\/div> <div  class=\"swap-inner col-xs-12\"> <div  class=\"row full-height-row middle-xs middle-sm\"> <div  class=\"col-xs-12 text-center content-holder\"> <a href=\"https:\/\/lauriphoto.es?page_id=1066\" target=\"_self\" rel=\"noopener\"><i  class=\"fa icon portfolio-icon fa-search big\" aria-hidden=\"true\"><\/i><\/a><\/div> <\/div><\/div> <\/div><\/div> <div  class=\"col-xs-12 col-sm-3 no-gutter-col\"><div  class=\"contentswap-effect\" data-hover-fx=\"portfolio-4\"> <div  class=\"initial-image\"> <img  decoding=\"async\" data-size=\"542x360\" src=\"https:\/\/lauriphoto.es\/wp-content\/uploads\/2024\/07\/cropped-MENU-6.jpg\"><\/div> <div  class=\"overlay bg-color1\"><\/div> <div  class=\"swap-inner col-xs-12\"> <div  class=\"row full-height-row middle-xs middle-sm\"> <div  class=\"col-xs-12 text-center content-holder\"> <a href=\"https:\/\/lauriphoto.es?page_id=1310\" target=\"_self\" rel=\"noopener\"><i  class=\"fa icon portfolio-icon fa-search big\" aria-hidden=\"true\"><\/i><\/a><\/div> <\/div><\/div> <\/div><\/div> <div  class=\"col-xs-12 col-sm-3 no-gutter-col\"><div  class=\"contentswap-effect\" data-hover-fx=\"portfolio-4\"> <div  class=\"initial-image\"> <img  decoding=\"async\" data-size=\"542x360\" src=\"https:\/\/lauriphoto.es\/wp-content\/uploads\/2024\/07\/cropped-MENU-7.jpg\"><\/div> <div  class=\"overlay bg-color1\"><\/div> <div  class=\"swap-inner col-xs-12\"> <div  class=\"row full-height-row middle-xs middle-sm\"> <div  class=\"col-xs-12 text-center content-holder\"> <a href=\"https:\/\/lauriphoto.es?page_id=1102\" target=\"_self\" rel=\"noopener\"><i  class=\"fa icon portfolio-icon fa-search big\" aria-hidden=\"true\"><\/i><\/a><\/div> <\/div><\/div> <\/div><\/div> <\/div><\/div> <\/div><div  data-label=\"About\" data-id=\"about--1\" data-export-id=\"about-9\" data-category=\"about\" class=\"about-9 content-section content-section-spacing\" id=\"about-1\" style=\"background-color: rgb(255, 255, 255);\"><div  class=\"gridContainer\"> <div  class=\"row middle-sm text-center\"><div  class=\"col-sm-5 space-bottom-xs content-column content-right-sm\" data-type=\"column\"> <h5  class=\"\">Laura Garc\u00eda<\/h5> <h2  class=\"\">\u00abMe quedo con cada rayo de luz que mis ojos pueden ver\u00bb<\/h2> <p  class=\"\">Soy Laura Garc\u00eda, en redes Sociales me conocen como @Lauriphotomj; aunque mi primera fotograf\u00eda la tom\u00e9 con tan s\u00f3lo 11 a\u00f1itos, no es hasta 2015 cuando vivo d\u00eda a d\u00eda con la c\u00e1mara en mis manos, haciendo lo que m\u00e1s me gusta e intentando ganarme a pulso, ser fot\u00f3grafa.<br ><br >Ante el fracaso de haber estudiado un FP de inform\u00e1tica y debido a mi discapacidad visual no encontrar trabajo, decid\u00ed apostar por la fotograf\u00eda, aprendiendo y ense\u00f1ando todo lo que s\u00e9 sobre ella.<br ><br >Las disciplinas que m\u00e1s trabajo son Fotograf\u00eda Macro creativa y fotograf\u00eda Infrarroja, aunque me gusta tocar diferentes disciplinas para salir de mi zona de confort y seguir aprendiendo. En fotograf\u00eda macro entr\u00e9 de cabeza y frustadilla pero me enamor\u00e9 de ella a primera vista, desde la primera foto, y en infrarroja, me embarqu\u00e9 sin saber a d\u00f3nde me iba a llevar y me est\u00e1 llevando a mundos de ensue\u00f1o en cada fotograf\u00eda que hago.<br ><br >En la actualidad trabajo como social media y en la lucha contra el acoso escolar, a la vez que continuo mi trabajo como fot\u00f3grafa y creadora de contenido.&nbsp;<\/p> <a class=\"button color1\" href=\"https:\/\/lauriphoto.es?page_id=3919\" target=\"_self\" data-cp-link=\"1\" rel=\"noopener\">Mas Sobre M\u00ed<\/a><\/div> <div  class=\"col-sm-7 flexbox flexbox middle-xs center-xs space-bottom-xs\"><div  class=\"overlay-box flexbox middle-xs center-xs overlay-holder \"> <div  class=\"overlay-box-offset offset-background shadow-medium bg-color2 hide-xs\"><\/div> <img  decoding=\"async\" class=\"flexbox shadow-large img1\" src=\"https:\/\/lauriphoto.es\/wp-content\/uploads\/2024\/06\/cropped-sobre-mi-foto-2.jpg\" data-size=\"600x400\" title=\"cropped-sobre-mi-foto-2.jpg\" alt=\"\"><\/div> <\/div><\/div> <\/div><\/div>","protected":false},"excerpt":{"rendered":"<p>\u00a1Nuevas publicaciones en Instagram! Accede Ahora Portfolio Un mundo paralelo d\u00f3nde poder imaginar a trav\u00e9s de la creatividad. Laura Garc\u00eda \u00abMe quedo con cada rayo de luz que mis ojos pueden ver\u00bb Soy Laura Garc\u00eda, en redes Sociales me conocen como @Lauriphotomj; aunque mi primera fotograf\u00eda la tom\u00e9 con tan s\u00f3lo 11 a\u00f1itos, no es&hellip; <br \/> <a class=\"read-more\" href=\"https:\/\/lauriphoto.es\/\">Leer m\u00e1s<\/a><\/p>\n","protected":false},"author":1,"featured_media":0,"parent":0,"menu_order":0,"comment_status":"closed","ping_status":"closed","template":"page-templates\/homepage.php","meta":{"ngg_post_thumbnail":0,"footnotes":""},"class_list":["post-4","page","type-page","status-publish","hentry"],"_links":{"self":[{"href":"https:\/\/lauriphoto.es\/index.php?rest_route=\/wp\/v2\/pages\/4","targetHints":{"allow":["GET"]}}],"collection":[{"href":"https:\/\/lauriphoto.es\/index.php?rest_route=\/wp\/v2\/pages"}],"about":[{"href":"https:\/\/lauriphoto.es\/index.php?rest_route=\/wp\/v2\/types\/page"}],"author":[{"embeddable":true,"href":"https:\/\/lauriphoto.es\/index.php?rest_route=\/wp\/v2\/users\/1"}],"replies":[{"embeddable":true,"href":"https:\/\/lauriphoto.es\/index.php?rest_route=%2Fwp%2Fv2%2Fcomments&post=4"}],"version-history":[{"count":33,"href":"https:\/\/lauriphoto.es\/index.php?rest_route=\/wp\/v2\/pages\/4\/revisions"}],"predecessor-version":[{"id":3922,"href":"https:\/\/lauriphoto.es\/index.php?rest_route=\/wp\/v2\/pages\/4\/revisions\/3922"}],"wp:attachment":[{"href":"https:\/\/lauriphoto.es\/index.php?rest_route=%2Fwp%2Fv2%2Fmedia&parent=4"}],"curies":[{"name":"wp","href":"https:\/\/api.w.org\/{rel}","templated":true}]}}