{"id":1029,"date":"2024-07-07T19:08:53","date_gmt":"2024-07-07T19:08:53","guid":{"rendered":"https:\/\/lauriphoto.es\/?page_id=1029"},"modified":"2024-07-28T19:45:31","modified_gmt":"2024-07-28T19:45:31","slug":"helios-44","status":"publish","type":"page","link":"https:\/\/lauriphoto.es\/?page_id=1029","title":{"rendered":"Helios 44"},"content":{"rendered":"\n<p>Fotograf\u00edas realizadas con Helios 44 M4 y M6 con su lente frontal invertida para crear fotograf\u00edas con bokeh atunelado y un aspecto art\u00edstico y creativo.<\/p>\n\n\n\n<p>Un mundo paralelo d\u00f3nde poder imaginar a trav\u00e9s de la creatividad.<\/p>\n\n\n\n<p>A continuaci\u00f3n os muestro una galer\u00eda con una selecci\u00f3n de las mejores fotograf\u00edas de Helios 44.<\/p>\n\n\n\nngg_shortcode_0_placeholder\n","protected":false},"excerpt":{"rendered":"<p>Fotograf\u00edas realizadas con Helios 44 M4 y M6 con su lente frontal invertida para crear fotograf\u00edas con bokeh atunelado y un aspecto art\u00edstico y creativo. Un mundo paralelo d\u00f3nde poder imaginar a trav\u00e9s de la creatividad. A continuaci\u00f3n os muestro una galer\u00eda con una selecci\u00f3n de las mejores fotograf\u00edas de Helios 44.<\/p>\n","protected":false},"author":1,"featured_media":0,"parent":0,"menu_order":0,"comment_status":"closed","ping_status":"closed","template":"","meta":{"ngg_post_thumbnail":0,"footnotes":""},"class_list":["post-1029","page","type-page","status-publish","hentry"],"_links":{"self":[{"href":"https:\/\/lauriphoto.es\/index.php?rest_route=\/wp\/v2\/pages\/1029","targetHints":{"allow":["GET"]}}],"collection":[{"href":"https:\/\/lauriphoto.es\/index.php?rest_route=\/wp\/v2\/pages"}],"about":[{"href":"https:\/\/lauriphoto.es\/index.php?rest_route=\/wp\/v2\/types\/page"}],"author":[{"embeddable":true,"href":"https:\/\/lauriphoto.es\/index.php?rest_route=\/wp\/v2\/users\/1"}],"replies":[{"embeddable":true,"href":"https:\/\/lauriphoto.es\/index.php?rest_route=%2Fwp%2Fv2%2Fcomments&post=1029"}],"version-history":[{"count":5,"href":"https:\/\/lauriphoto.es\/index.php?rest_route=\/wp\/v2\/pages\/1029\/revisions"}],"predecessor-version":[{"id":2958,"href":"https:\/\/lauriphoto.es\/index.php?rest_route=\/wp\/v2\/pages\/1029\/revisions\/2958"}],"wp:attachment":[{"href":"https:\/\/lauriphoto.es\/index.php?rest_route=%2Fwp%2Fv2%2Fmedia&parent=1029"}],"curies":[{"name":"wp","href":"https:\/\/api.w.org\/{rel}","templated":true}]}}